{"id":631,"date":"2025-12-06T02:50:25","date_gmt":"2025-12-06T02:50:25","guid":{"rendered":"https:\/\/contelecom.cl\/?post_type=product&#038;p=631"},"modified":"2025-12-06T02:54:22","modified_gmt":"2025-12-06T02:54:22","slug":"camara-ip-2mp-colorvu-smart-dual-light-30m-audio-poe-ds-2cd1027g2h-liu-2-8mm-hikvision","status":"publish","type":"product","link":"https:\/\/contelecom.cl\/index.php\/product\/camara-ip-2mp-colorvu-smart-dual-light-30m-audio-poe-ds-2cd1027g2h-liu-2-8mm-hikvision\/","title":{"rendered":"Camara IP 2MP ColorVu Smart Dual Light 30m Audio PoE DS-2CD1027G2H-LIU 2.8mm Hikvision"},"content":{"rendered":"<p>C\u00e1mara de red tipo bala fija ColorVu de 2 MP con luz h\u00edbrida inteligente<\/p>\n<p>&#8211; Im\u00e1genes de alta calidad con resoluci\u00f3n de 2 MP<br \/>\n&#8211; Admite detecci\u00f3n de personas y veh\u00edculos<br \/>\n&#8211; Smart Hybrid Light: tecnolog\u00eda avanzada con largo alcance<br \/>\n&#8211; Tecnolog\u00eda de compresi\u00f3n H.265+ eficiente<br \/>\n&#8211; Micr\u00f3fono incorporado para seguridad de audio en tiempo real<br \/>\n&#8211; Resistente al agua y al polvo (IP67)<\/p>\n","protected":false},"excerpt":{"rendered":"<p>C\u00e1mara de red tipo bala fija ColorVu de 2 MP con luz h\u00edbrida inteligente &#8211; Im\u00e1genes de alta calidad con resoluci\u00f3n de 2 MP &#8211; Admite detecci\u00f3n de personas y veh\u00edculos &#8211; Smart Hybrid Light: tecnolog\u00eda avanzada con largo alcance &#8211; Tecnolog\u00eda de compresi\u00f3n H.265+ eficiente &#8211; Micr\u00f3fono incorporado para seguridad de audio en tiempo real &#8211; Resistente al agua y al polvo (IP67)<\/p>\n","protected":false},"featured_media":630,"comment_status":"open","ping_status":"closed","template":"","meta":[],"product_brand":[22],"product_cat":[23],"product_tag":[24],"class_list":{"0":"post-631","1":"product","2":"type-product","3":"status-publish","4":"has-post-thumbnail","6":"product_brand-hikvision","7":"product_cat-camaras-ip","8":"product_tag-camara","10":"first","11":"instock","12":"sale","13":"taxable","14":"shipping-taxable","15":"purchasable","16":"product-type-simple"},"_links":{"self":[{"href":"https:\/\/contelecom.cl\/index.php\/wp-json\/wp\/v2\/product\/631","targetHints":{"allow":["GET"]}}],"collection":[{"href":"https:\/\/contelecom.cl\/index.php\/wp-json\/wp\/v2\/product"}],"about":[{"href":"https:\/\/contelecom.cl\/index.php\/wp-json\/wp\/v2\/types\/product"}],"replies":[{"embeddable":true,"href":"https:\/\/contelecom.cl\/index.php\/wp-json\/wp\/v2\/comments?post=631"}],"wp:featuredmedia":[{"embeddable":true,"href":"https:\/\/contelecom.cl\/index.php\/wp-json\/wp\/v2\/media\/630"}],"wp:attachment":[{"href":"https:\/\/contelecom.cl\/index.php\/wp-json\/wp\/v2\/media?parent=631"}],"wp:term":[{"taxonomy":"product_brand","embeddable":true,"href":"https:\/\/contelecom.cl\/index.php\/wp-json\/wp\/v2\/product_brand?post=631"},{"taxonomy":"product_cat","embeddable":true,"href":"https:\/\/contelecom.cl\/index.php\/wp-json\/wp\/v2\/product_cat?post=631"},{"taxonomy":"product_tag","embeddable":true,"href":"https:\/\/contelecom.cl\/index.php\/wp-json\/wp\/v2\/product_tag?post=631"}],"curies":[{"name":"wp","href":"https:\/\/api.w.org\/{rel}","templated":true}]}}